{"id":28625,"date":"2023-09-07T14:18:31","date_gmt":"2023-09-07T14:18:31","guid":{"rendered":"https:\/\/sonnevonmallorca.com\/sobre-nosotros\/"},"modified":"2023-11-22T13:52:46","modified_gmt":"2023-11-22T13:52:46","slug":"sobre-nosotros","status":"publish","type":"page","link":"https:\/\/sonnevonmallorca.com\/es\/sobre-nosotros\/","title":{"rendered":"Sobre Nosotros"},"content":{"rendered":"\t\t<div data-elementor-type=\"wp-page\" data-elementor-id=\"28625\" class=\"elementor elementor-28625 elementor-2015\" data-elementor-post-type=\"page\">\n\t\t\t\t<div class=\"elementor-element elementor-element-42a9103 e-con-full e-flex e-con e-parent\" data-id=\"42a9103\" data-element_type=\"container\" data-e-type=\"container\" data-settings=\"{&quot;background_background&quot;:&quot;classic&quot;,&quot;shape_divider_bottom&quot;:&quot;opacity-fan&quot;}\">\n\t\t\t\t<div class=\"elementor-shape elementor-shape-bottom\" aria-hidden=\"true\" data-negative=\"false\">\n\t\t\t<svg xmlns=\"http:\/\/www.w3.org\/2000\/svg\" viewBox=\"0 0 283.5 19.6\" preserveAspectRatio=\"none\">\n\t<path class=\"elementor-shape-fill\" style=\"opacity:0.33\" d=\"M0 0L0 18.8 141.8 4.1 283.5 18.8 283.5 0z\"\/>\n\t<path class=\"elementor-shape-fill\" style=\"opacity:0.33\" d=\"M0 0L0 12.6 141.8 4 283.5 12.6 283.5 0z\"\/>\n\t<path class=\"elementor-shape-fill\" style=\"opacity:0.33\" d=\"M0 0L0 6.4 141.8 4 283.5 6.4 283.5 0z\"\/>\n\t<path class=\"elementor-shape-fill\" d=\"M0 0L0 1.2 141.8 4 283.5 1.2 283.5 0z\"\/>\n<\/svg>\t\t<\/div>\n\t\t\t\t<\/div>\n\t\t<div class=\"elementor-element elementor-element-843bf19 e-flex e-con-boxed e-con e-parent\" data-id=\"843bf19\" data-element_type=\"container\" data-e-type=\"container\">\n\t\t\t\t\t<div class=\"e-con-inner\">\n\t\t\t\t<div class=\"elementor-element elementor-element-364b548 elementor-widget elementor-widget-heading\" data-id=\"364b548\" data-element_type=\"widget\" data-e-type=\"widget\" data-widget_type=\"heading.default\">\n\t\t\t\t<div class=\"elementor-widget-container\">\n\t\t\t\t\t<h2 class=\"elementor-heading-title elementor-size-default\">Sobre Nosotros<\/h2>\t\t\t\t<\/div>\n\t\t\t\t<\/div>\n\t\t\t\t<div class=\"elementor-element elementor-element-f722c3a elementor-widget elementor-widget-text-editor\" data-id=\"f722c3a\" data-element_type=\"widget\" data-e-type=\"widget\" data-widget_type=\"text-editor.default\">\n\t\t\t\t<div class=\"elementor-widget-container\">\n\t\t\t\t\t\t\t\t\t<h3 style=\"font-weight: 400;\">Cerca del sol \u2013 cerca del cliente<\/h3>\n<p style=\"font-weight: 400;\">La decisi\u00f3n de comprar una propiedad en Mallorca es algo muy emotivo y ciertamente asociado con muchas preguntas. Nosotros, la agencia inmobiliaria \u00abDie Sonne von Mallorca S.L.\u00bb (El Sol de Mallorca) estamos activos y reconocidos en el <strong>suroeste de Mallorca desde 1998<\/strong>. Estamos especializados en particular en hermosas propiedades inmobiliarias en la regi\u00f3n de <strong>Palma de Mallorca a Puerto Andratx<\/strong> y estamos a su lado en todas las situaciones a lo largo del camino. En el centro de nuestro trabajo est\u00e1 el intenso contacto personal con nuestros clientes y usuarios. Cada propiedad tiene algo especial y distinto para nosotros, ya sea una villa representativa o un apartamento de una habitaci\u00f3n. Con un <strong>gran portafolio de propiedades<\/strong>, tambi\u00e9n encontraremos la casa o el comprador adecuado para usted en el <strong>suroeste de Mallorca<\/strong>.<\/p>\n<p style=\"font-weight: 400;\">Nuestros empleados capacitados tienen varios a\u00f1os de experiencia y conocimientos de gran alcance en el mercado inmobiliario y le ayudan a encontrar la propiedad que se adapte a sus necesidades y deseos en Mallorca. Somos<strong> <\/strong>capaces de equilibrar los diferentes intereses del comprador y del vendedor y de elaborar soluciones agradables para ambas partes. Adem\u00e1s, le apoyamos en todas las tareas burocr\u00e1ticas y <strong>le acompa\u00f1amos desde la primera visita hasta la cita con el notario.<\/strong><\/p>\n<p style=\"font-weight: 400;\">Gracias a nuestros <strong>20 a\u00f1os de experiencia en la regi\u00f3n<\/strong>, podemos recurrir a un amplio conocimiento del mercado y de la especialidad, disponemos de numerosas herramientas de marketing y de la capacidad de negociaci\u00f3n necesaria. Adem\u00e1s, conocemos personalmente a casi todos los propietarios de inmuebles. Por lo tanto, estamos en contacto directo con nuestros clientes as\u00ed como con los propietarios y podemos llevar a cabo negociaciones y acuerdos de precios directa y personalmente para usted y apoyarle en esto.<\/p>\n<p style=\"font-weight: 400;\">Un hermoso cap\u00edtulo con muchos recuerdos y emociones llega a su fin cuando el vendedor de una propiedad decide poner su casa en el mercado. Supervisamos la venta de su propiedad de forma honesta y objetiva, le apoyamos en la fijaci\u00f3n de precios seg\u00fan el mercado y estamos a su lado hasta la entrega de llaves a los nuevos propietarios.<\/p>\n<p style=\"font-weight: 400;\">Por lo tanto, es aconsejable confiarse a una peque\u00f1a <strong>agencia inmobiliaria gestionada por el propietario<\/strong> para ser algo m\u00e1s que un n\u00famero en la cartera. Cada apartamento, cada villa quiere ser \u00abentendida\u00bb para poder ofrecer el inmueble adecuado al grupo de compradores adecuado. Nos hemos comprometido con \u00e9xito a este objetivo.<\/p>\n<p style=\"font-weight: 400;\">Por supuesto que tambi\u00e9n estamos a su disposici\u00f3n despu\u00e9s de la certificaci\u00f3n notarial del contrato de venta con mucho gusto con m\u00e1s preguntas.<\/p>\n\t\t\t\t\t\t\t\t<\/div>\n\t\t\t\t<\/div>\n\t\t\t\t\t<\/div>\n\t\t\t\t<\/div>\n\t\t\t\t<\/div>\n\t\t","protected":false},"excerpt":{"rendered":"<p>Sobre Nosotros Cerca del sol \u2013 cerca del cliente La decisi\u00f3n de comprar una propiedad en Mallorca es algo muy emotivo y ciertamente asociado con muchas preguntas. Nosotros, la agencia inmobiliaria \u00abDie Sonne von Mallorca S.L.\u00bb (El Sol de Mallorca) estamos activos y reconocidos en el suroeste de Mallorca desde 1998. Estamos especializados en particular [&hellip;]<\/p>\n","protected":false},"author":1,"featured_media":0,"parent":0,"menu_order":0,"comment_status":"closed","ping_status":"closed","template":"","meta":{"_seopress_robots_primary_cat":"","_seopress_titles_title":"","_seopress_titles_desc":"","_seopress_robots_index":"","footnotes":""},"class_list":["post-28625","page","type-page","status-publish","hentry"],"_links":{"self":[{"href":"https:\/\/sonnevonmallorca.com\/es\/wp-json\/wp\/v2\/pages\/28625","targetHints":{"allow":["GET"]}}],"collection":[{"href":"https:\/\/sonnevonmallorca.com\/es\/wp-json\/wp\/v2\/pages"}],"about":[{"href":"https:\/\/sonnevonmallorca.com\/es\/wp-json\/wp\/v2\/types\/page"}],"author":[{"embeddable":true,"href":"https:\/\/sonnevonmallorca.com\/es\/wp-json\/wp\/v2\/users\/1"}],"replies":[{"embeddable":true,"href":"https:\/\/sonnevonmallorca.com\/es\/wp-json\/wp\/v2\/comments?post=28625"}],"version-history":[{"count":0,"href":"https:\/\/sonnevonmallorca.com\/es\/wp-json\/wp\/v2\/pages\/28625\/revisions"}],"wp:attachment":[{"href":"https:\/\/sonnevonmallorca.com\/es\/wp-json\/wp\/v2\/media?parent=28625"}],"curies":[{"name":"wp","href":"https:\/\/api.w.org\/{rel}","templated":true}]}}