{"id":28584,"date":"2023-09-07T14:18:26","date_gmt":"2023-09-07T14:18:26","guid":{"rendered":"https:\/\/sonnevonmallorca.com\/aviso-legal\/"},"modified":"2025-01-05T11:33:23","modified_gmt":"2025-01-05T11:33:23","slug":"aviso-legal","status":"publish","type":"page","link":"https:\/\/sonnevonmallorca.com\/es\/aviso-legal\/","title":{"rendered":"Aviso Legal"},"content":{"rendered":"\t\t<div data-elementor-type=\"wp-page\" data-elementor-id=\"28584\" class=\"elementor elementor-28584 elementor-2017\" data-elementor-post-type=\"page\">\n\t\t\t\t<div class=\"elementor-element elementor-element-7a0c4e0 e-flex e-con-boxed e-con e-parent\" data-id=\"7a0c4e0\" data-element_type=\"container\" data-e-type=\"container\">\n\t\t\t\t\t<div class=\"e-con-inner\">\n\t\t\t\t<div class=\"elementor-element elementor-element-490f1f3 elementor-widget elementor-widget-heading\" data-id=\"490f1f3\" data-element_type=\"widget\" data-e-type=\"widget\" data-widget_type=\"heading.default\">\n\t\t\t\t<div class=\"elementor-widget-container\">\n\t\t\t\t\t<h2 class=\"elementor-heading-title elementor-size-default\">Aviso Legal<\/h2>\t\t\t\t<\/div>\n\t\t\t\t<\/div>\n\t\t\t\t\t<\/div>\n\t\t\t\t<\/div>\n\t\t<div class=\"elementor-element elementor-element-e9de6ed e-flex e-con-boxed e-con e-parent\" data-id=\"e9de6ed\" data-element_type=\"container\" data-e-type=\"container\">\n\t\t\t\t\t<div class=\"e-con-inner\">\n\t\t\t\t<div class=\"elementor-element elementor-element-b8ed437 elementor-widget elementor-widget-text-editor\" data-id=\"b8ed437\" data-element_type=\"widget\" data-e-type=\"widget\" data-widget_type=\"text-editor.default\">\n\t\t\t\t<div class=\"elementor-widget-container\">\n\t\t\t\t\t\t\t\t\t<p class=\"bodytext\"><b>Responsable del contenido:<\/b><\/p>\n<p class=\"bodytext\">El Sol de Mallorca S.L. Carretera Andratx 32, Local 3, 07181 Portals Nous Mallorca, Espa\u00f1a<\/p>\n<p class=\"bodytext\">\n<p>Representante autorizado: Marita Carls CIF: ESB-07890494 Tel: (+34) 971 67 93 93 Email: info@sonnevonmallorca.com<\/p>\n<p class=\"bodytext\"><b>Derechos de autor<\/b><\/p>\n<p>Todos los contenidos mostrados, especialmente las fotos de las propiedades y los alrededores fueron creados por Die Sonne von Mallorca S.L., proporcionados por el propietario de la propiedad o por nuestros socios de cooperaci\u00f3n. Un uso de cualquier tipo, especialmente para la mediaci\u00f3n posterior de bienes ra\u00edces est\u00e1 prohibido y ser\u00e1 castigado.<\/p>\n<p><b>Contenido de la oferta online<\/b><\/p>\n<p>No asumimos ninguna responsabilidad por la actualidad, exactitud e integridad de la informaci\u00f3n facilitada en nuestro sitio web. Quedan excluidas en principio las reclamaciones de responsabilidad contra nosotros, que se refieren a da\u00f1os materiales o no materiales causados por el uso o no uso de la informaci\u00f3n proporcionada o por el uso de informaci\u00f3n incorrecta e incompleta, a menos que haya pruebas de intenci\u00f3n deliberada o negligencia grave por nuestra parte. Todas las ofertas est\u00e1n sujetas a cambios y no son vinculantes. Nos reservamos expresamente el derecho de modificar, completar o suprimir partes de las p\u00e1ginas o la totalidad de la oferta sin previo aviso o de interrumpir la publicaci\u00f3n de forma temporal o permanente.<\/p>\n\t\t\t\t\t\t\t\t<\/div>\n\t\t\t\t<\/div>\n\t\t\t\t<div class=\"elementor-element elementor-element-b4f85da elementor-widget elementor-widget-image\" data-id=\"b4f85da\" data-element_type=\"widget\" data-e-type=\"widget\" data-widget_type=\"image.default\">\n\t\t\t\t<div class=\"elementor-widget-container\">\n\t\t\t\t\t\t\t\t\t\t\t\t\t\t\t<img fetchpriority=\"high\" decoding=\"async\" width=\"600\" height=\"288\" src=\"https:\/\/sonnevonmallorca.com\/wp-content\/uploads\/2023\/09\/ROAIIB_SVM.png\" class=\"attachment-large size-large wp-image-143898\" alt=\"\" srcset=\"https:\/\/sonnevonmallorca.com\/wp-content\/uploads\/2023\/09\/ROAIIB_SVM.png 600w, https:\/\/sonnevonmallorca.com\/wp-content\/uploads\/2023\/09\/ROAIIB_SVM-300x144.png 300w\" sizes=\"(max-width: 600px) 100vw, 600px\" \/>\t\t\t\t\t\t\t\t\t\t\t\t\t\t\t<\/div>\n\t\t\t\t<\/div>\n\t\t\t\t\t<\/div>\n\t\t\t\t<\/div>\n\t\t\t\t<\/div>\n\t\t","protected":false},"excerpt":{"rendered":"<p>Aviso Legal Responsable del contenido: El Sol de Mallorca S.L. Carretera Andratx 32, Local 3, 07181 Portals Nous Mallorca, Espa\u00f1a Representante autorizado: Marita Carls CIF: ESB-07890494 Tel: (+34) 971 67 93 93 Email: info@sonnevonmallorca.com Derechos de autor Todos los contenidos mostrados, especialmente las fotos de las propiedades y los alrededores fueron creados por Die Sonne [&hellip;]<\/p>\n","protected":false},"author":1,"featured_media":0,"parent":0,"menu_order":0,"comment_status":"closed","ping_status":"closed","template":"","meta":{"_seopress_robots_primary_cat":"","_seopress_titles_title":"","_seopress_titles_desc":"","_seopress_robots_index":"","footnotes":""},"class_list":["post-28584","page","type-page","status-publish","hentry"],"_links":{"self":[{"href":"https:\/\/sonnevonmallorca.com\/es\/wp-json\/wp\/v2\/pages\/28584","targetHints":{"allow":["GET"]}}],"collection":[{"href":"https:\/\/sonnevonmallorca.com\/es\/wp-json\/wp\/v2\/pages"}],"about":[{"href":"https:\/\/sonnevonmallorca.com\/es\/wp-json\/wp\/v2\/types\/page"}],"author":[{"embeddable":true,"href":"https:\/\/sonnevonmallorca.com\/es\/wp-json\/wp\/v2\/users\/1"}],"replies":[{"embeddable":true,"href":"https:\/\/sonnevonmallorca.com\/es\/wp-json\/wp\/v2\/comments?post=28584"}],"version-history":[{"count":0,"href":"https:\/\/sonnevonmallorca.com\/es\/wp-json\/wp\/v2\/pages\/28584\/revisions"}],"wp:attachment":[{"href":"https:\/\/sonnevonmallorca.com\/es\/wp-json\/wp\/v2\/media?parent=28584"}],"curies":[{"name":"wp","href":"https:\/\/api.w.org\/{rel}","templated":true}]}}