{"id":28505,"date":"2023-09-07T14:18:10","date_gmt":"2023-09-07T14:18:10","guid":{"rendered":"https:\/\/sonnevonmallorca.com\/tc\/"},"modified":"2023-11-22T13:53:12","modified_gmt":"2023-11-22T13:53:12","slug":"tc","status":"publish","type":"page","link":"https:\/\/sonnevonmallorca.com\/es\/tc\/","title":{"rendered":"T&amp;C"},"content":{"rendered":"\t\t<div data-elementor-type=\"wp-page\" data-elementor-id=\"28505\" class=\"elementor elementor-28505 elementor-2019\" data-elementor-post-type=\"page\">\n\t\t\t\t<div class=\"elementor-element elementor-element-3b67e92 e-flex e-con-boxed e-con e-parent\" data-id=\"3b67e92\" data-element_type=\"container\" data-e-type=\"container\">\n\t\t\t\t\t<div class=\"e-con-inner\">\n\t\t\t\t<div class=\"elementor-element elementor-element-85b3be7 elementor-widget elementor-widget-heading\" data-id=\"85b3be7\" data-element_type=\"widget\" data-e-type=\"widget\" data-widget_type=\"heading.default\">\n\t\t\t\t<div class=\"elementor-widget-container\">\n\t\t\t\t\t<h2 class=\"elementor-heading-title elementor-size-default\">T\u00e9rminos y Condiciones<\/h2>\t\t\t\t<\/div>\n\t\t\t\t<\/div>\n\t\t\t\t<div class=\"elementor-element elementor-element-fee5e01 elementor-widget elementor-widget-text-editor\" data-id=\"fee5e01\" data-element_type=\"widget\" data-e-type=\"widget\" data-widget_type=\"text-editor.default\">\n\t\t\t\t<div class=\"elementor-widget-container\">\n\t\t\t\t\t\t\t\t\t<p class=\"bodytext\"><b>Condiciones de uso<\/b><\/p>\n<p class=\"bodytext\">A continuaci\u00f3n se exponen los t\u00e9rminos y condiciones de uso del sitio web sonnevonmallorca.com.<\/p>\n<p class=\"bodytext\"><b>Asunto<\/b><\/p>\n<p class=\"bodytext\">El sitio web sonnevonmallorca.com. se ha creado para informar a los usuarios en general sobre la empresa y sus actividades y servicios. Un usuario es cualquier persona que accede a nuestro sitio web o que navega por \u00e9l.<\/p>\n<p class=\"bodytext\"><b>Acceda a<\/b><\/p>\n<p class=\"bodytext\">Con car\u00e1cter general se concede a los usuarios el acceso libre y gratuito a sonnevonmallorca.com pudiendo modificar unilateralmente y sin previo aviso, la disponibilidad, configuraci\u00f3n y contenido del sitio web, as\u00ed como sus condiciones de uso y el acceso a los servicios disponibles.<\/p>\n<p class=\"bodytext\"><b>Derechos de autor<\/b><\/p>\n<p class=\"bodytext\">Los derechos de autor de este sitio web son propiedad de sonnevonmallorca.com. Por lo tanto, podemos cambiar el contenido de este sitio web (dise\u00f1o gr\u00e1fico, textos y c\u00f3digos) en cualquier momento sin previo aviso. La prestaci\u00f3n de los servicios y la publicaci\u00f3n de los contenidos de este sitio web no supondr\u00e1 en ning\u00fan caso la renuncia o transmisi\u00f3n, total o parcial, de los derechos de propiedad intelectual e industrial. Por ello, cualquier reproducci\u00f3n, distribuci\u00f3n, comercializaci\u00f3n o modificaci\u00f3n de los contenidos de este sitio web que no haya sido expresamente autorizada por sus titulares constituye una infracci\u00f3n de los derechos de propiedad intelectual protegidos por el art\u00edculo 270 y siguientes del C\u00f3digo Penal espa\u00f1ol.<\/p>\n<p class=\"bodytext\"><b>Legislaci\u00f3n aplicable y fuero competente<\/b><\/p>\n<p class=\"bodytext\">Cualquier disputa o asunto relacionado con sonnevonmallorca.com se regir\u00e1 por la legislaci\u00f3n espa\u00f1ola. Cualquier disputa que surja de o en relaci\u00f3n con el uso de este sitio web estar\u00e1 sujeta a la jurisdicci\u00f3n de los tribunales de Mallorca (Islas Baleares). Estas condiciones de uso se rigen por las disposiciones legales de la legislaci\u00f3n espa\u00f1ola.<\/p>\n<p class=\"bodytext\">En el caso de que se produzca cualquier discrepancia o controversia con motivo de la interpretaci\u00f3n o la aplicaci\u00f3n de las presentes condiciones de uso, sonnevonmallorca.com y el usuario se someten, con renuncia a cualquier fuero que pudiera corresponderles, a la jurisdicci\u00f3n del domicilio social de la sociedad aqu\u00ed referida. En el caso de que el usuario tenga su domicilio fuera de Espa\u00f1a, renuncia expresamente al fuero que pudiera corresponderle y se somete a la jurisdicci\u00f3n de los tribunales de Mallorca (Islas Baleares).<\/p>\n<p class=\"bodytext\"><b>Pol\u00edtica de protecci\u00f3n de datos<\/b><\/p>\n<p class=\"bodytext\"><a href=\"https:\/\/sonnevonmallorca.com\/\" target=\"_blank\" rel=\"noopener noreferrer\">sonnevonmallorca.com<\/a> se compromete a tratar todos los datos facilitados por los usuarios con la m\u00e1xima confidencialidad y a no cederlos a terceros, de acuerdo con los principios de la Ley Org\u00e1nica 15\/1999, de 13 de diciembre, de Protecci\u00f3n de Datos de Car\u00e1cter Personal. De conformidad con lo establecido en dicha ley y con el fin de garantizar la protecci\u00f3n y confidencialidad de sus datos personales, sonnevonmallorca.com le informa de que los datos que nos facilite ser\u00e1n almacenados en un fichero automatizado de datos debidamente inscrito en la Agencia de Protecci\u00f3n de Datos. Los datos personales se utilizan exclusivamente para los fines enumerados a continuaci\u00f3n:<\/p>\n<p class=\"bodytext\">&#8211; Si usted es propietario de un inmueble y\/o est\u00e1 interesado en un inmueble, los datos son necesarios para nuestro servicio y nuestras actividades: Mediaci\u00f3n, asesoramiento y tramitaci\u00f3n de transacciones inmobiliarias, incluido el env\u00edo de informaci\u00f3n comercial.<\/p>\n<p class=\"bodytext\">&#8211; Si es usted candidato a un puesto en nuestra empresa, los datos ser\u00e1n necesarios en el proceso de selecci\u00f3n.<\/p>\n<p class=\"bodytext\">En ambos casos, los datos se destruyen cuando han cumplido su finalidad y ya no son necesarios.<\/p>\n<p class=\"bodytext\"><b>Informaci\u00f3n sobre comunicaci\u00f3n comercial<\/b><\/p>\n<p class=\"bodytext\">El usuario autoriza y permite a <a href=\"https:\/\/sonnevonmallorca.com\/\" target=\"_blank\" rel=\"noopener noreferrer\">sonnevonmallorca.com<\/a>, desde el momento en que introduce sus datos en un formulario, a ofrecerle servicios a trav\u00e9s de comunicaciones informativas y promocionales. De conformidad con el art\u00edculo 21 de la Ley 34\/2002, de 11 de julio, el titular de los datos autoriza expresamente el env\u00edo de publicaciones y comunicaciones publicitarias a trav\u00e9s de todos los medios electr\u00f3nicos. Estos mensajes contendr\u00e1n la palabra \u00abpubli\u00bb o \u00abanuncio\u00bb y ser\u00e1n claramente identificables como una emisi\u00f3n de sonnevonmallorca.com.<\/p>\n<p class=\"bodytext\">No obstante, podr\u00e1 revocar en cualquier momento su consentimiento para recibir comunicaciones comerciales enviando un correo electr\u00f3nico a info@sonnevonmallorca.com.<\/p>\n<p class=\"bodytext\"><b>Detalles de las propiedades<\/b><\/p>\n<p class=\"bodytext\"><a href=\"https:\/\/sonnevonmallorca.com\/\" target=\"_blank\" rel=\"noopener noreferrer\">sonnevonmallorca.com<\/a> no se hace responsable de los datos publicados relativos a las propiedades en esta p\u00e1gina web, ya que \u00e9stos han sido facilitados por los propietarios de las mismas. Para cualquier informaci\u00f3n sobre las propiedades puede ponerse en contacto con nosotros por correo electr\u00f3nico: info@sonnevonmallorca.com<\/p>\n<p class=\"bodytext\">De conformidad con el art\u00edculo 10 de la Ley 34\/2002, de 11 de julio, le informamos que el valor de la vivienda indicado representa el acordado con el propietario y no incluye impuestos adicionales.<\/p>\n\t\t\t\t\t\t\t\t<\/div>\n\t\t\t\t<\/div>\n\t\t\t\t\t<\/div>\n\t\t\t\t<\/div>\n\t\t\t\t<\/div>\n\t\t","protected":false},"excerpt":{"rendered":"<p>T\u00e9rminos y Condiciones Condiciones de uso A continuaci\u00f3n se exponen los t\u00e9rminos y condiciones de uso del sitio web sonnevonmallorca.com. Asunto El sitio web sonnevonmallorca.com. se ha creado para informar a los usuarios en general sobre la empresa y sus actividades y servicios. Un usuario es cualquier persona que accede a nuestro sitio web o [&hellip;]<\/p>\n","protected":false},"author":1,"featured_media":0,"parent":0,"menu_order":0,"comment_status":"closed","ping_status":"closed","template":"","meta":{"_seopress_robots_primary_cat":"","_seopress_titles_title":"","_seopress_titles_desc":"","_seopress_robots_index":"","footnotes":""},"class_list":["post-28505","page","type-page","status-publish","hentry"],"_links":{"self":[{"href":"https:\/\/sonnevonmallorca.com\/es\/wp-json\/wp\/v2\/pages\/28505","targetHints":{"allow":["GET"]}}],"collection":[{"href":"https:\/\/sonnevonmallorca.com\/es\/wp-json\/wp\/v2\/pages"}],"about":[{"href":"https:\/\/sonnevonmallorca.com\/es\/wp-json\/wp\/v2\/types\/page"}],"author":[{"embeddable":true,"href":"https:\/\/sonnevonmallorca.com\/es\/wp-json\/wp\/v2\/users\/1"}],"replies":[{"embeddable":true,"href":"https:\/\/sonnevonmallorca.com\/es\/wp-json\/wp\/v2\/comments?post=28505"}],"version-history":[{"count":0,"href":"https:\/\/sonnevonmallorca.com\/es\/wp-json\/wp\/v2\/pages\/28505\/revisions"}],"wp:attachment":[{"href":"https:\/\/sonnevonmallorca.com\/es\/wp-json\/wp\/v2\/media?parent=28505"}],"curies":[{"name":"wp","href":"https:\/\/api.w.org\/{rel}","templated":true}]}}