{"id":28486,"date":"2023-09-07T14:18:35","date_gmt":"2023-09-07T14:18:35","guid":{"rendered":"https:\/\/sonnevonmallorca.com\/informacion-util\/"},"modified":"2023-10-23T19:01:44","modified_gmt":"2023-10-23T19:01:44","slug":"informacion-util","status":"publish","type":"page","link":"https:\/\/sonnevonmallorca.com\/es\/informacion-util\/","title":{"rendered":"Informaci\u00f3n \u00fatil"},"content":{"rendered":"\t\t<div data-elementor-type=\"wp-page\" data-elementor-id=\"28486\" class=\"elementor elementor-28486 elementor-2013\" data-elementor-post-type=\"page\">\n\t\t\t\t<div class=\"elementor-element elementor-element-d8fa400 e-con-full e-flex e-con e-parent\" data-id=\"d8fa400\" data-element_type=\"container\" data-e-type=\"container\" data-settings=\"{&quot;background_background&quot;:&quot;classic&quot;,&quot;shape_divider_bottom&quot;:&quot;opacity-fan&quot;}\">\n\t\t\t\t<div class=\"elementor-shape elementor-shape-bottom\" aria-hidden=\"true\" data-negative=\"false\">\n\t\t\t<svg xmlns=\"http:\/\/www.w3.org\/2000\/svg\" viewBox=\"0 0 283.5 19.6\" preserveAspectRatio=\"none\">\n\t<path class=\"elementor-shape-fill\" style=\"opacity:0.33\" d=\"M0 0L0 18.8 141.8 4.1 283.5 18.8 283.5 0z\"\/>\n\t<path class=\"elementor-shape-fill\" style=\"opacity:0.33\" d=\"M0 0L0 12.6 141.8 4 283.5 12.6 283.5 0z\"\/>\n\t<path class=\"elementor-shape-fill\" style=\"opacity:0.33\" d=\"M0 0L0 6.4 141.8 4 283.5 6.4 283.5 0z\"\/>\n\t<path class=\"elementor-shape-fill\" d=\"M0 0L0 1.2 141.8 4 283.5 1.2 283.5 0z\"\/>\n<\/svg>\t\t<\/div>\n\t\t\t\t<\/div>\n\t\t<div class=\"elementor-element elementor-element-e7c2dfc e-flex e-con-boxed e-con e-parent\" data-id=\"e7c2dfc\" data-element_type=\"container\" data-e-type=\"container\">\n\t\t\t\t\t<div class=\"e-con-inner\">\n\t\t\t\t<div class=\"elementor-element elementor-element-f4742b0 elementor-widget elementor-widget-heading\" data-id=\"f4742b0\" data-element_type=\"widget\" data-e-type=\"widget\" data-widget_type=\"heading.default\">\n\t\t\t\t<div class=\"elementor-widget-container\">\n\t\t\t\t\t<h2 class=\"elementor-heading-title elementor-size-default\">Informaci\u00f3n \u00fatil<\/h2>\t\t\t\t<\/div>\n\t\t\t\t<\/div>\n\t\t\t\t<div class=\"elementor-element elementor-element-26b3f3e elementor-grid-1 elementor-posts--thumbnail-left elementor-grid-tablet-2 elementor-grid-mobile-1 elementor-widget elementor-widget-posts\" data-id=\"26b3f3e\" data-element_type=\"widget\" data-e-type=\"widget\" data-settings=\"{&quot;classic_columns&quot;:&quot;1&quot;,&quot;classic_columns_tablet&quot;:&quot;2&quot;,&quot;classic_columns_mobile&quot;:&quot;1&quot;,&quot;classic_row_gap&quot;:{&quot;unit&quot;:&quot;px&quot;,&quot;size&quot;:35,&quot;sizes&quot;:[]},&quot;classic_row_gap_widescreen&quot;:{&quot;unit&quot;:&quot;px&quot;,&quot;size&quot;:&quot;&quot;,&quot;sizes&quot;:[]},&quot;classic_row_gap_laptop&quot;:{&quot;unit&quot;:&quot;px&quot;,&quot;size&quot;:&quot;&quot;,&quot;sizes&quot;:[]},&quot;classic_row_gap_tablet_extra&quot;:{&quot;unit&quot;:&quot;px&quot;,&quot;size&quot;:&quot;&quot;,&quot;sizes&quot;:[]},&quot;classic_row_gap_tablet&quot;:{&quot;unit&quot;:&quot;px&quot;,&quot;size&quot;:&quot;&quot;,&quot;sizes&quot;:[]},&quot;classic_row_gap_mobile_extra&quot;:{&quot;unit&quot;:&quot;px&quot;,&quot;size&quot;:&quot;&quot;,&quot;sizes&quot;:[]},&quot;classic_row_gap_mobile&quot;:{&quot;unit&quot;:&quot;px&quot;,&quot;size&quot;:&quot;&quot;,&quot;sizes&quot;:[]}}\" data-widget_type=\"posts.classic\">\n\t\t\t\t<div class=\"elementor-widget-container\">\n\t\t\t\t\t\t\t<div class=\"elementor-posts-container elementor-posts elementor-posts--skin-classic elementor-grid\" role=\"list\">\n\t\t\t\t<article class=\"elementor-post elementor-grid-item post-183574 post type-post status-publish format-standard hentry category-sin-categorizar\" role=\"listitem\">\n\t\t\t\t<div class=\"elementor-post__text\">\n\t\t\t\t<h3 class=\"elementor-post__title\">\n\t\t\t<a href=\"https:\/\/sonnevonmallorca.com\/es\/renacimiento-del-vino-en-mallorca\/\" >\n\t\t\t\tRenacimiento del vino en Mallorca\t\t\t<\/a>\n\t\t<\/h3>\n\t\t\t\t<div class=\"elementor-post__meta-data\">\n\t\t\t\t\t<span class=\"elementor-post-date\">\n\t\t\t11 de diciembre de 2025\t\t<\/span>\n\t\t\t\t<\/div>\n\t\t\t\t<div class=\"elementor-post__excerpt\">\n\t\t\t<p>Mallorca ha experimentado un impresionante renacimiento vin\u00edcola en las \u00faltimas d\u00e9cadas. Algunas bodegas han destacado especialmente por su tradici\u00f3n, calidad, arquitectura o renombre internacional. He<\/p>\n\t\t<\/div>\n\t\t\n\t\t<a class=\"elementor-post__read-more\" href=\"https:\/\/sonnevonmallorca.com\/es\/renacimiento-del-vino-en-mallorca\/\" aria-label=\"Read more about Renacimiento del vino en Mallorca\" tabindex=\"-1\" >\n\t\t\tContinuar leyendo\t\t<\/a>\n\n\t\t\t\t<\/div>\n\t\t\t\t<\/article>\n\t\t\t\t<article class=\"elementor-post elementor-grid-item post-182602 post type-post status-publish format-standard hentry category-sin-categorizar\" role=\"listitem\">\n\t\t\t\t<div class=\"elementor-post__text\">\n\t\t\t\t<h3 class=\"elementor-post__title\">\n\t\t\t<a href=\"https:\/\/sonnevonmallorca.com\/es\/conversiones-en-condominios-espanoles-derechos-y-limites-del-articulo-15\/\" >\n\t\t\t\tConversiones en condominios espa\u00f1oles: derechos y l\u00edmites del art\u00edculo 15\t\t\t<\/a>\n\t\t<\/h3>\n\t\t\t\t<div class=\"elementor-post__meta-data\">\n\t\t\t\t\t<span class=\"elementor-post-date\">\n\t\t\t6 de noviembre de 2025\t\t<\/span>\n\t\t\t\t<\/div>\n\t\t\t\t<div class=\"elementor-post__excerpt\">\n\t\t\t<p>La Ley de Propiedad Horizontal espa\u00f1ola estipula exactamente cu\u00e1ndo los propietarios pueden hacer cambios en sus pisos sin informar a la comunidad de propietarios. El<\/p>\n\t\t<\/div>\n\t\t\n\t\t<a class=\"elementor-post__read-more\" href=\"https:\/\/sonnevonmallorca.com\/es\/conversiones-en-condominios-espanoles-derechos-y-limites-del-articulo-15\/\" aria-label=\"Read more about Conversiones en condominios espa\u00f1oles: derechos y l\u00edmites del art\u00edculo 15\" tabindex=\"-1\" >\n\t\t\tContinuar leyendo\t\t<\/a>\n\n\t\t\t\t<\/div>\n\t\t\t\t<\/article>\n\t\t\t\t<article class=\"elementor-post elementor-grid-item post-179918 post type-post status-publish format-standard hentry category-sin-categorizar\" role=\"listitem\">\n\t\t\t\t<div class=\"elementor-post__text\">\n\t\t\t\t<h3 class=\"elementor-post__title\">\n\t\t\t<a href=\"https:\/\/sonnevonmallorca.com\/es\/ley-beckham-tipo-impositivo-fijo-del-24-para-los-emigrantes-a-espana\/\" >\n\t\t\t\tLey Beckham: Tipo impositivo fijo del 24% para los emigrantes a Espa\u00f1a\t\t\t<\/a>\n\t\t<\/h3>\n\t\t\t\t<div class=\"elementor-post__meta-data\">\n\t\t\t\t\t<span class=\"elementor-post-date\">\n\t\t\t7 de octubre de 2025\t\t<\/span>\n\t\t\t\t<\/div>\n\t\t\t\t<div class=\"elementor-post__excerpt\">\n\t\t\t<p>Trasladarse a Espa\u00f1a puede merecer la pena desde el punto de vista fiscal, sobre todo para empleados y directores generales. Cualquier persona que se traslade<\/p>\n\t\t<\/div>\n\t\t\n\t\t<a class=\"elementor-post__read-more\" href=\"https:\/\/sonnevonmallorca.com\/es\/ley-beckham-tipo-impositivo-fijo-del-24-para-los-emigrantes-a-espana\/\" aria-label=\"Read more about Ley Beckham: Tipo impositivo fijo del 24% para los emigrantes a Espa\u00f1a\" tabindex=\"-1\" >\n\t\t\tContinuar leyendo\t\t<\/a>\n\n\t\t\t\t<\/div>\n\t\t\t\t<\/article>\n\t\t\t\t<article class=\"elementor-post elementor-grid-item post-176487 post type-post status-publish format-standard hentry category-sin-categorizar\" role=\"listitem\">\n\t\t\t\t<div class=\"elementor-post__text\">\n\t\t\t\t<h3 class=\"elementor-post__title\">\n\t\t\t<a href=\"https:\/\/sonnevonmallorca.com\/es\/5-reglas-para-la-venta-de-inmuebles\/\" >\n\t\t\t\t5 reglas para la venta de inmuebles\t\t\t<\/a>\n\t\t<\/h3>\n\t\t\t\t<div class=\"elementor-post__meta-data\">\n\t\t\t\t\t<span class=\"elementor-post-date\">\n\t\t\t7 de agosto de 2025\t\t<\/span>\n\t\t\t\t<\/div>\n\t\t\t\t<div class=\"elementor-post__excerpt\">\n\t\t\t<p>Aqu\u00ed tienes 5 normas importantes para vender propiedades en Mallorca que pueden ayudarte a vender legalmente con seguridad y \u00e9xito: 1. trabaja s\u00f3lo con corredores<\/p>\n\t\t<\/div>\n\t\t\n\t\t<a class=\"elementor-post__read-more\" href=\"https:\/\/sonnevonmallorca.com\/es\/5-reglas-para-la-venta-de-inmuebles\/\" aria-label=\"Read more about 5 reglas para la venta de inmuebles\" tabindex=\"-1\" >\n\t\t\tContinuar leyendo\t\t<\/a>\n\n\t\t\t\t<\/div>\n\t\t\t\t<\/article>\n\t\t\t\t<article class=\"elementor-post elementor-grid-item post-173530 post type-post status-publish format-standard hentry category-sin-categorizar\" role=\"listitem\">\n\t\t\t\t<div class=\"elementor-post__text\">\n\t\t\t\t<h3 class=\"elementor-post__title\">\n\t\t\t<a href=\"https:\/\/sonnevonmallorca.com\/es\/5-reglas-para-comprar-una-propiedad-en-mallorca\/\" >\n\t\t\t\t5 reglas para comprar una propiedad en Mallorca\t\t\t<\/a>\n\t\t<\/h3>\n\t\t\t\t<div class=\"elementor-post__meta-data\">\n\t\t\t\t\t<span class=\"elementor-post-date\">\n\t\t\t7 de julio de 2025\t\t<\/span>\n\t\t\t\t<\/div>\n\t\t\t\t<div class=\"elementor-post__excerpt\">\n\t\t\t<p>1. examen jur\u00eddico de la propiedad (diligencia debida) 2. plan de financiaci\u00f3n y costes accesorios 3. conoce tus impuestos y obligaciones como propietario 4. elige<\/p>\n\t\t<\/div>\n\t\t\n\t\t<a class=\"elementor-post__read-more\" href=\"https:\/\/sonnevonmallorca.com\/es\/5-reglas-para-comprar-una-propiedad-en-mallorca\/\" aria-label=\"Read more about 5 reglas para comprar una propiedad en Mallorca\" tabindex=\"-1\" >\n\t\t\tContinuar leyendo\t\t<\/a>\n\n\t\t\t\t<\/div>\n\t\t\t\t<\/article>\n\t\t\t\t<article class=\"elementor-post elementor-grid-item post-170341 post type-post status-publish format-standard hentry category-sin-categorizar\" role=\"listitem\">\n\t\t\t\t<div class=\"elementor-post__text\">\n\t\t\t\t<h3 class=\"elementor-post__title\">\n\t\t\t<a href=\"https:\/\/sonnevonmallorca.com\/es\/nuevo-sistema-de-anr-en-espana-y-mallorca-numero-de-registro-de-alquiler-vision-general\/\" >\n\t\t\t\tNuevo sistema de ANR en Espa\u00f1a y Mallorca (N\u00famero de Registro de Alquiler) &#8211; Visi\u00f3n general\t\t\t<\/a>\n\t\t<\/h3>\n\t\t\t\t<div class=\"elementor-post__meta-data\">\n\t\t\t\t\t<span class=\"elementor-post-date\">\n\t\t\t5 de junio de 2025\t\t<\/span>\n\t\t\t\t<\/div>\n\t\t\t\t<div class=\"elementor-post__excerpt\">\n\t\t\t<p>Introducci\u00f3n y objetivosDesde el 2 de enero de 2025 est\u00e1 en vigor en Espa\u00f1a un nuevo sistema de registro para los alquileres de corta duraci\u00f3n:<\/p>\n\t\t<\/div>\n\t\t\n\t\t<a class=\"elementor-post__read-more\" href=\"https:\/\/sonnevonmallorca.com\/es\/nuevo-sistema-de-anr-en-espana-y-mallorca-numero-de-registro-de-alquiler-vision-general\/\" aria-label=\"Read more about Nuevo sistema de ANR en Espa\u00f1a y Mallorca (N\u00famero de Registro de Alquiler) &#8211; Visi\u00f3n general\" tabindex=\"-1\" >\n\t\t\tContinuar leyendo\t\t<\/a>\n\n\t\t\t\t<\/div>\n\t\t\t\t<\/article>\n\t\t\t\t<\/div>\n\t\t\n\t\t\t\t\t\t<\/div>\n\t\t\t\t<\/div>\n\t\t\t\t\t<\/div>\n\t\t\t\t<\/div>\n\t\t\t\t<\/div>\n\t\t","protected":false},"excerpt":{"rendered":"<p>Informaci\u00f3n \u00fatil<\/p>\n","protected":false},"author":1,"featured_media":0,"parent":0,"menu_order":0,"comment_status":"closed","ping_status":"closed","template":"","meta":{"_seopress_robots_primary_cat":"","_seopress_titles_title":"","_seopress_titles_desc":"","_seopress_robots_index":"","footnotes":""},"class_list":["post-28486","page","type-page","status-publish","hentry"],"_links":{"self":[{"href":"https:\/\/sonnevonmallorca.com\/es\/wp-json\/wp\/v2\/pages\/28486","targetHints":{"allow":["GET"]}}],"collection":[{"href":"https:\/\/sonnevonmallorca.com\/es\/wp-json\/wp\/v2\/pages"}],"about":[{"href":"https:\/\/sonnevonmallorca.com\/es\/wp-json\/wp\/v2\/types\/page"}],"author":[{"embeddable":true,"href":"https:\/\/sonnevonmallorca.com\/es\/wp-json\/wp\/v2\/users\/1"}],"replies":[{"embeddable":true,"href":"https:\/\/sonnevonmallorca.com\/es\/wp-json\/wp\/v2\/comments?post=28486"}],"version-history":[{"count":0,"href":"https:\/\/sonnevonmallorca.com\/es\/wp-json\/wp\/v2\/pages\/28486\/revisions"}],"wp:attachment":[{"href":"https:\/\/sonnevonmallorca.com\/es\/wp-json\/wp\/v2\/media?parent=28486"}],"curies":[{"name":"wp","href":"https:\/\/api.w.org\/{rel}","templated":true}]}}